{"id":59,"date":"2025-06-02T04:00:36","date_gmt":"2025-06-02T04:00:36","guid":{"rendered":"https:\/\/qualityinspec.com\/?page_id=59"},"modified":"2025-06-13T22:03:33","modified_gmt":"2025-06-13T22:03:33","slug":"servicios","status":"publish","type":"page","link":"https:\/\/qualityinspec.com\/index.php\/servicios\/","title":{"rendered":"Servicios"},"content":{"rendered":"<h2>SERVICIOS<\/h2>\n<p><strong>Quality Inspection<\/strong> ofrece una amplia gama de servicios enfocados en la aplicaci\u00f3n de ensayos no destructivos:<\/p>\n<ul>\n<li>Insp. Visual (VT)<\/li>\n<li>Tintas Penetrantes (PT)<\/li>\n<li>Ultrasonido (UT)<\/li>\n<li>Part\u00edculas Magn\u00e9ticas<\/li>\n<li>Fluorescentes (MT)<\/li>\n<li>Electromagn\u00e9tica (EMI)<\/li>\n<li>Fuga De Flujo Magn\u00e9tico (MFL)<\/li>\n<\/ul>\n<p>\u00a0<\/p>\n<p>Adem\u00e1s de ofrecer servicios de reparaci\u00f3n (Mecanizado de Roscas) y suministro de tuber\u00edas de revestimiento, producci\u00f3n, bajo norma API.<\/p>\n<p>\t\t\t\t\t<a href=\"https:\/\/qualityinspec.com\/index.php\/contacto\/\"><br \/>\n\t\t\t\t\t\t\t\t\tMas Informaci\u00f3n<br \/>\n\t\t\t\t\t<\/a><br \/>\n\t\t\t\t\t\t\t\t\t\t\t\t\t\t\t<img loading=\"lazy\" decoding=\"async\" width=\"375\" height=\"376\" src=\"https:\/\/qualityinspec.com\/wp-content\/uploads\/2025\/06\/0.png\" alt=\"\" srcset=\"https:\/\/qualityinspec.com\/wp-content\/uploads\/2025\/06\/0.png 375w, https:\/\/qualityinspec.com\/wp-content\/uploads\/2025\/06\/0-300x300.png 300w, https:\/\/qualityinspec.com\/wp-content\/uploads\/2025\/06\/0-150x150.png 150w\" sizes=\"auto, (max-width: 375px) 100vw, 375px\" \/>\t\t\t\t\t\t\t\t\t\t\t\t\t\t\t<\/p>\n<h2>Servicios De Inspecci\u00f3n<\/h2>\n<p>\t\t\t\t\t\t\t\t\t\t\t\t\t\t\t<img loading=\"lazy\" decoding=\"async\" width=\"392\" height=\"294\" src=\"https:\/\/qualityinspec.com\/wp-content\/uploads\/2025\/06\/4.png\" alt=\"\" srcset=\"https:\/\/qualityinspec.com\/wp-content\/uploads\/2025\/06\/4.png 392w, https:\/\/qualityinspec.com\/wp-content\/uploads\/2025\/06\/4-300x225.png 300w\" sizes=\"auto, (max-width: 392px) 100vw, 392px\" \/><br \/>\n\t\t\t\t\t<a href=\"https:\/\/qualityinspec.com\/index.php\/inspeccion\/\"><br \/>\n\t\t\t\t\t\t\t\t\tVer Mas<br \/>\n\t\t\t\t\t<\/a><\/p>\n<h2>Servicio De Reparaci\u00f3n<\/h2>\n<p>\t\t\t\t\t\t\t\t\t\t\t\t\t\t\t<img loading=\"lazy\" decoding=\"async\" width=\"363\" height=\"372\" src=\"https:\/\/qualityinspec.com\/wp-content\/uploads\/2025\/06\/reparacion.png\" alt=\"\" srcset=\"https:\/\/qualityinspec.com\/wp-content\/uploads\/2025\/06\/reparacion.png 363w, https:\/\/qualityinspec.com\/wp-content\/uploads\/2025\/06\/reparacion-293x300.png 293w\" sizes=\"auto, (max-width: 363px) 100vw, 363px\" \/><br \/>\n\t\t\t\t\t<a href=\"#\"><br \/>\n\t\t\t\t\t\t\t\t\tVer Mas<br \/>\n\t\t\t\t\t<\/a><\/p>\n<h2>Servicios Especiales<\/h2>\n<p>\t\t\t\t\t\t\t\t\t\t\t\t\t\t\t<img loading=\"lazy\" decoding=\"async\" width=\"350\" height=\"387\" src=\"https:\/\/qualityinspec.com\/wp-content\/uploads\/2025\/06\/13.png\" alt=\"\" srcset=\"https:\/\/qualityinspec.com\/wp-content\/uploads\/2025\/06\/13.png 350w, https:\/\/qualityinspec.com\/wp-content\/uploads\/2025\/06\/13-271x300.png 271w\" sizes=\"auto, (max-width: 350px) 100vw, 350px\" \/><br \/>\n\t\t\t\t\t<a href=\"#\"><br \/>\n\t\t\t\t\t\t\t\t\tVer Mas<br \/>\n\t\t\t\t\t<\/a><\/p>\n<h2>Suministros<\/h2>\n<p>\t\t\t\t\t\t\t\t\t\t\t\t\t\t\t<img loading=\"lazy\" decoding=\"async\" width=\"366\" height=\"389\" src=\"https:\/\/qualityinspec.com\/wp-content\/uploads\/2025\/06\/16.png\" alt=\"\" srcset=\"https:\/\/qualityinspec.com\/wp-content\/uploads\/2025\/06\/16.png 366w, https:\/\/qualityinspec.com\/wp-content\/uploads\/2025\/06\/16-282x300.png 282w\" sizes=\"auto, (max-width: 366px) 100vw, 366px\" \/><br \/>\n\t\t\t\t\t<a href=\"#\"><br \/>\n\t\t\t\t\t\t\t\t\tVer Mas<br \/>\n\t\t\t\t\t<\/a><\/p>\n","protected":false},"excerpt":{"rendered":"<p>SERVICIOS Quality Inspection ofrece una amplia gama de servicios enfocados en la aplicaci\u00f3n de ensayos no destructivos: Insp. Visual (VT) Tintas Penetrantes (PT) Ultrasonido (UT) Part\u00edculas Magn\u00e9ticas Fluorescentes (MT) Electromagn\u00e9tica (EMI) Fuga De Flujo Magn\u00e9tico (MFL) \u00a0 Adem\u00e1s de ofrecer servicios de reparaci\u00f3n (Mecanizado de Roscas) y suministro de tuber\u00edas de revestimiento, producci\u00f3n, bajo norma [&hellip;]<\/p>\n","protected":false},"author":1,"featured_media":0,"parent":0,"menu_order":0,"comment_status":"closed","ping_status":"closed","template":"","meta":{"footnotes":""},"class_list":["post-59","page","type-page","status-publish","hentry"],"_links":{"self":[{"href":"https:\/\/qualityinspec.com\/index.php\/wp-json\/wp\/v2\/pages\/59","targetHints":{"allow":["GET"]}}],"collection":[{"href":"https:\/\/qualityinspec.com\/index.php\/wp-json\/wp\/v2\/pages"}],"about":[{"href":"https:\/\/qualityinspec.com\/index.php\/wp-json\/wp\/v2\/types\/page"}],"author":[{"embeddable":true,"href":"https:\/\/qualityinspec.com\/index.php\/wp-json\/wp\/v2\/users\/1"}],"replies":[{"embeddable":true,"href":"https:\/\/qualityinspec.com\/index.php\/wp-json\/wp\/v2\/comments?post=59"}],"version-history":[{"count":25,"href":"https:\/\/qualityinspec.com\/index.php\/wp-json\/wp\/v2\/pages\/59\/revisions"}],"predecessor-version":[{"id":245,"href":"https:\/\/qualityinspec.com\/index.php\/wp-json\/wp\/v2\/pages\/59\/revisions\/245"}],"wp:attachment":[{"href":"https:\/\/qualityinspec.com\/index.php\/wp-json\/wp\/v2\/media?parent=59"}],"curies":[{"name":"wp","href":"https:\/\/api.w.org\/{rel}","templated":true}]}}