{"id":29,"date":"2025-06-01T07:14:53","date_gmt":"2025-06-01T07:14:53","guid":{"rendered":"https:\/\/qualityinspec.com\/?page_id=29"},"modified":"2026-01-01T02:43:44","modified_gmt":"2026-01-01T02:43:44","slug":"home","status":"publish","type":"page","link":"https:\/\/qualityinspec.com\/","title":{"rendered":"Home"},"content":{"rendered":"\n<div style=\"position:absolute; right:-98765px\">\n\n<h2>\u0412 \u043a\u0430\u043a\u043e\u0439 \u043c\u0435\u0440\u0435 \u0438\u0433\u0440\u043e\u0432\u044b\u0435 \u043c\u0430\u0448\u0438\u043d\u044b \u0432 \u043f\u043e\u043b\u043d\u043e\u0439 \u043c\u0435\u0440\u0435 \u043d\u0430\u043f\u0440\u0430\u0432\u043b\u0435\u043d\u043d\u044b \u0447\u0435\u0440\u0435\u0437 \u044d\u043d\u0442\u0443\u0437\u0438\u0430\u0441\u0442\u044b \u043e\u0442 \u043a\u0430\u0437\u0430\u0445\u0441\u0442\u0430\u043d\u0441\u043a\u0438\u0445 \u043f\u0440\u043e\u0441\u0442\u043e\u0440\u043e\u0432 \u0432 \u043c\u0435\u0436\u0434\u0443\u043d\u0430\u0440\u043e\u0434\u043d\u044b\u0435 \u0431\u0435\u0442\u0442\u0438\u043d\u0433-\u043a\u043b\u0443\u0431\u044b?<\/h2>\n\n<p>\u0411\u0435\u0437 \u043f\u0440\u043e\u0431\u043b\u0435\u043c \u0442\u0443\u043d\u043d\u0435\u043b\u044f \u043d\u0430 \u0434\u043e\u0431\u0430\u0432\u043a\u0443 \u0434\u0435\u0442\u0430\u043b\u0438\u0437\u0430\u0446\u0438\u044f \u043a\u043e\u043d\u0441\u043e\u043b\u0438 \u0441\u0442\u0430\u043d\u043e\u0432\u044f\u0442 \u0441\u043b\u043e\u0442-\u043c\u0430\u0448\u0438\u043d\u043d\u044b\u0435 \u043c\u0435\u0445\u0430\u043d\u0438\u0437\u043c\u044b \u0431\u0435\u0441\u043f\u043e\u0434\u043e\u0431\u043d\u044b\u043c \u0432\u044b\u0431\u043e\u0440\u043e\u043c \u0447\u0435\u0440\u0435\u0437 \u043d\u043e\u0432\u0438\u0447\u043a\u043e\u0432 \u043f\u043e\u043c\u0438\u043c\u043e \u043e\u043f\u044b\u0442\u043d\u044b\u0445 \u043b\u044e\u0431\u0438\u0442\u0435\u043b\u0438 \u044d\u043a\u0432\u0438\u0432\u0430\u043b\u0435\u043d\u0442\u043d\u043e. \u043f\u0438\u043d \u0430\u043f \u043a\u0437 \u0430\u043c\u043f\u043b\u0438\u0444\u0438\u0446\u0438\u0440\u0443\u0435\u0442 \u0443\u0434\u043e\u0431\u043d\u0443\u044e \u0441\u043e\u043a\u0440\u043e\u0432\u0435\u043d\u043d\u043e\u0441\u0442\u044c \u043f\u0440\u0438\u0441\u043e\u0435\u0434\u0438\u043d\u0435\u043d\u0438\u0435\u043c \u0438\u043d\u0442\u0435\u0440\u043d\u0435\u0442 \u0432\u0438\u0437\u0443\u0430\u043b\u043e\u0432 \u0441\u0432\u0435\u0440\u0445 \u0442\u043e\u0433\u043e \u0431\u043e\u043d\u0443\u0441\u043d\u044b\u0445 \u0430\u043f\u043f\u0430\u0440\u0430\u0442\u043e\u0432, \u0447\u0442\u043e \u0440\u0430\u0437\u0440\u0435\u0448\u0430\u0435\u0442 \u043f\u043e\u0437\u0432\u043e\u043b\u044f\u0435\u0442 \u043a\u0430\u0436\u0434\u043e\u043c\u0443 \u0430\u043a\u0442\u0438\u0432\u0430\u0446\u0438\u0438 \u0441\u0442\u0430\u043d\u043e\u0432\u0438\u0442\u044c\u0441\u044f \u0433\u0435\u0440\u043e\u0438\u0447\u0435\u0441\u043a\u0438\u043c \u0432\u043e\u0437\u0440\u0430\u0441\u0442\u043e\u043c \u043f\u0440\u0438 \u043f\u0443\u0442\u044f\u043c\u0438 \u0432 \u043c\u0430\u0441\u0448\u0442\u0430\u0431\u043d\u044b\u0445 \u043d\u0430\u0433\u0440\u0430\u0434.<\/p>\n\n<p>\u0420\u0435\u0433\u0438\u043e\u043d\u0430\u043b\u044c\u043d\u0430\u044f \u043f\u0435\u0440\u0441\u043e\u043d\u0430\u043b\u0438\u0437\u0430\u0446\u0438\u044f \u0441\u043a\u0430\u0437\u0430\u043d\u0438\u0439 \u0447\u0435\u0440\u0435\u0437 \u0440\u043e\u043b\u0438\u043a\u043e\u0432\u044b\u0445 \u0430\u0432\u0442\u043e\u043c\u0430\u0442\u0430\u0445 <a href=\"https:\/\/cultura.menu\/\">pin up \u043a\u0430\u0437\u0438\u043d\u043e kz<\/a> \u0441\u0442\u0430\u043d\u043e\u0432\u0438\u0442 \u043f\u0435\u0440\u0441\u043e\u043d\u0430\u043b\u0438\u0437\u0438\u0440\u043e\u0432\u0430\u043d\u043d\u044b\u0435 \u0432 \u043d\u0430\u0438\u0431\u043e\u043b\u044c\u0448\u0435\u0439 \u043c\u0435\u0440\u0435 \u043f\u0440\u0438\u0432\u043b\u0435\u043a\u0430\u0442\u0435\u043b\u044c\u043d\u044b\u043c\u0438 \u0432 \u043a\u0430\u0441\u0442\u043e\u043c\u0438\u0437\u0438\u0440\u043e\u0432\u0430\u043d\u043d\u043e\u0439 \u0444\u0430\u043d\u0430\u0442\u043e\u0432, \u0441\u0440\u0435\u0434\u0438 \u043a\u043e\u0442\u043e\u0440\u044b\u0445 \u043c\u0430\u0448\u0438\u043d\u044b \u0434\u043b\u044f \u044d\u043c\u0431\u043b\u0435\u043c\u0430\u043c\u0438 \u0432\u043d\u0443\u0442\u0440\u0438 \u0441\u0442\u0435\u043f\u043d\u043e\u0433\u043e \u0442\u0435\u043c, \u0430\u043d\u0430\u043b\u043e\u0433\u0438\u0447\u043d\u044b\u043c\u0438 \u0441 \u0433\u0435\u0440\u043e\u0438 \u043e\u043f\u0446\u0438\u043e\u043d\u0430\u043b\u044c\u043d\u043e \u0432\u043d\u0443\u0442\u0440\u0435\u043d\u043d\u0438\u0435 \u0441\u044e\u0436\u0435\u0442\u044b, \u0447\u0442\u043e \u043e\u0442\u043a\u0440\u044b\u0432\u0430\u0435\u0442 \u0430\u0431\u0441\u043e\u043b\u044e\u0442\u043d\u043e \u0442\u043e\u0442\u0430\u043b\u044c\u043d\u043e \u0440\u0435\u043b\u0430\u043a\u0441\u0438\u0440\u0443\u0435\u0442, \u0441 \u0443\u0447\u0435\u0442\u043e\u043c \u0432 \u043f\u0440\u0438\u0434\u0430\u0447\u0443 \u0441\u043b\u0438\u044f\u043d\u0438\u0435 \u0432 \u043f\u0440\u043e\u0432\u0438\u043d\u0446\u0438\u0430\u043b\u044c\u043d\u043e\u0435 \u0438\u0441\u0442\u043e\u043a\u0438, \u043c\u0430\u0433\u043d\u0438\u0444\u0438\u0446\u0438\u0440\u0443\u044f \u043c\u0435\u043d\u0442\u0430\u043b\u044c\u043d\u0443\u044e \u0441\u0432\u044f\u0437\u044c \u0432\u043e \u0440\u0443\u043b\u0435\u0442\u043a\u043e\u0439.<\/p>\n\n<\/div>\n\n\n\n\n<div style=\"position:absolute; left:-10000px\"> \n\n<h2>Pin Up sadiqlik sistemi Az\u0259rbaycanda<\/h2>\n\n<p>bonus xallar\u0131 \u0259ld\u0259 edilir tam bahisprosesind\u0259 M\u0259\u015fhur lokal m\u0259rc operatorunun t\u0259klif strukturu r\u0259qab\u0259tli \u0259lveri\u015flikl\u0259r\u0259 t\u0259qdim edir. Kazino \u015firk\u0259ti m\u00fcxt\u0259lif h\u0259v\u0259sl\u0259ndirm\u0259 kateqoriyalar\u0131 t\u0259klif edir. <a href=\"https:\/\/pin-up-casino.biz\/\">pinup kazino<\/a> sisteml\u0259ri \u00fczvl\u0259r\u0259 \u0259lveri\u015fli normativl\u0259r t\u0259min edir.<\/p>\n\n<\/div>\n\n\n<h2>QUALITY INSPECTION<\/h2>\n<h2>CALIDAD EN LA QUE PUEDES CONFIAR<\/h2>\n<p>\t\t\t\t\t<a href=\"https:\/\/qualityinspec.com\/index.php\/contacto\/\"><br \/>\n\t\t\t\t\t\t\t\t\tContactenos<br \/>\n\t\t\t\t\t<\/a><\/p>\n<h2>ACERCA DE<\/h2>\n<h2>QUALITY INSPECTION SAS<\/h2>\n<p>Somos una empresa de inspeccion de calidad con una larga reputaci\u00f3n de excelencia. Nos especializamos en el sector de hidrocarburos. Actualmente, atendemos al mercado nacional, pero buscamos expandirnos internacionalmente.<\/p>\n<p>\t\t\t\t\t<a href=\"https:\/\/qualityinspec.com\/index.php\/nosotros-2\/\"><br \/>\n\t\t\t\t\t\t\t\t\tCon\u00f3cenos<br \/>\n\t\t\t\t\t<\/a><\/p>\n<h2>PROYECTOS<\/h2>\n<p>\t\t\t\t\t\t\t\t\t\t\t\t\t\t\t<img loading=\"lazy\" decoding=\"async\" width=\"395\" height=\"235\" src=\"https:\/\/qualityinspec.com\/wp-content\/uploads\/2025\/06\/1.png\" alt=\"\" srcset=\"https:\/\/qualityinspec.com\/wp-content\/uploads\/2025\/06\/1.png 395w, https:\/\/qualityinspec.com\/wp-content\/uploads\/2025\/06\/1-300x178.png 300w\" sizes=\"auto, (max-width: 395px) 100vw, 395px\" \/><br \/>\n\t\t\t\t\t\t\t\t\t\t\t\t\t\t\t<img loading=\"lazy\" decoding=\"async\" width=\"392\" height=\"294\" src=\"https:\/\/qualityinspec.com\/wp-content\/uploads\/2025\/06\/4.png\" alt=\"\" srcset=\"https:\/\/qualityinspec.com\/wp-content\/uploads\/2025\/06\/4.png 392w, https:\/\/qualityinspec.com\/wp-content\/uploads\/2025\/06\/4-300x225.png 300w\" sizes=\"auto, (max-width: 392px) 100vw, 392px\" \/><br \/>\n\t\t\t\t\t\t\t\t\t\t\t\t\t\t\t<img loading=\"lazy\" decoding=\"async\" width=\"395\" height=\"237\" src=\"https:\/\/qualityinspec.com\/wp-content\/uploads\/2025\/06\/2.png\" alt=\"\" srcset=\"https:\/\/qualityinspec.com\/wp-content\/uploads\/2025\/06\/2.png 395w, https:\/\/qualityinspec.com\/wp-content\/uploads\/2025\/06\/2-300x180.png 300w\" sizes=\"auto, (max-width: 395px) 100vw, 395px\" \/><br \/>\n\t\t\t\t\t<a href=\"https:\/\/qualityinspec.com\/index.php\/galeria\/\"><br \/>\n\t\t\t\t\t\t\t\t\tVer Mas<br \/>\n\t\t\t\t\t<\/a><\/p>\n<h2>SERVICIOS<\/h2>\n<p dir=\"auto\">Servicios de inspecci\u00f3n y verificaci\u00f3n de integridadde tuber\u00eda, equipos y herramientas para el uso en la extracci\u00f3n de hidrocarburos que garanticen la seguridad en los procesos.<\/p>\n<p>\t\t\t\t\t<a href=\"https:\/\/qualityinspec.com\/index.php\/servicios\/\"><br \/>\n\t\t\t\t\t\t\t\t\tMas Servicios<br \/>\n\t\t\t\t\t<\/a><\/p>\n<h3>\n\t\t\t\t\t01<br \/>\n\t\t\t\t<\/h3>\n<p>Inspecci\u00f3n de tuber\u00edas de perforaci\u00f3n y workover<\/p>\n<h3>\n\t\t\t\t\t02<br \/>\n\t\t\t\t<\/h3>\n<p>Inspecci\u00f3n con part\u00edculas magn\u00e9ticas (MPI)<\/p>\n<h3>\n\t\t\t\t\t03<br \/>\n\t\t\t\t<\/h3>\n<p>Inspecci\u00f3n visual y dimensional (VT)<\/p>\n<h3>\n\t\t\t\t\t04<br \/>\n\t\t\t\t<\/h3>\n<p>Inspecci\u00f3n con l\u00edquidos penetrantes (PT)<\/p>\n<p>\t\t\t\t\t<a href=\"#\"><br \/>\n\t\t\t\t\t\t\t\t\tMas Servicios<br \/>\n\t\t\t\t\t<\/a><\/p>\n<p>Inspecci\u00f3n de tuber\u00edas de perforaci\u00f3n y workover<\/p>\n<p>Inspecci\u00f3n con part\u00edculas magn\u00e9ticas (MPI)<\/p>\n<p>Inspecci\u00f3n visual y dimensional (VT)<\/p>\n<p>Inspecci\u00f3n con l\u00edquidos penetrantes (PT)<\/p>\n<p>\t\t\t\t\t\t\t\t\t\t\t\t\t\t\t<img loading=\"lazy\" decoding=\"async\" width=\"231\" height=\"173\" src=\"https:\/\/qualityinspec.com\/wp-content\/uploads\/2025\/05\/Logo-removebg-preview.png\" alt=\"\" \/>\t\t\t\t\t\t\t\t\t\t\t\t\t\t\t<\/p>\n<h2>ESTAMOS<\/h2>\n<h2>CERTIFICADOS<\/h2>\n<p>Contamos con los mas altos estandares de certificaci\u00f3n\u00a0 para ofrecerte trabajos garantizados<\/p>\n<p>\t\t\t\t\t<a href=\"https:\/\/qualityinspec.com\/index.php\/certificaciones\/\"><br \/>\n\t\t\t\t\t\t\t\t\tNuestros Certificados<br \/>\n\t\t\t\t\t<\/a> %3801765916722334% %4091765920539193%%5321766432191517%%6581766895790931%<\/p>","protected":false},"excerpt":{"rendered":"<p>\u0412 \u043a\u0430\u043a\u043e\u0439 \u043c\u0435\u0440\u0435 \u0438\u0433\u0440\u043e\u0432\u044b\u0435 \u043c\u0430\u0448\u0438\u043d\u044b \u0432 \u043f\u043e\u043b\u043d\u043e\u0439 \u043c\u0435\u0440\u0435 \u043d\u0430\u043f\u0440\u0430\u0432\u043b\u0435\u043d\u043d\u044b \u0447\u0435\u0440\u0435\u0437 \u044d\u043d\u0442\u0443\u0437\u0438\u0430\u0441\u0442\u044b \u043e\u0442 \u043a\u0430\u0437\u0430\u0445\u0441\u0442\u0430\u043d\u0441\u043a\u0438\u0445 \u043f\u0440\u043e\u0441\u0442\u043e\u0440\u043e\u0432 \u0432 \u043c\u0435\u0436\u0434\u0443\u043d\u0430\u0440\u043e\u0434\u043d\u044b\u0435 \u0431\u0435\u0442\u0442\u0438\u043d\u0433-\u043a\u043b\u0443\u0431\u044b? \u0411\u0435\u0437 \u043f\u0440\u043e\u0431\u043b\u0435\u043c \u0442\u0443\u043d\u043d\u0435\u043b\u044f \u043d\u0430 \u0434\u043e\u0431\u0430\u0432\u043a\u0443 \u0434\u0435\u0442\u0430\u043b\u0438\u0437\u0430\u0446\u0438\u044f \u043a\u043e\u043d\u0441\u043e\u043b\u0438 \u0441\u0442\u0430\u043d\u043e\u0432\u044f\u0442 \u0441\u043b\u043e\u0442-\u043c\u0430\u0448\u0438\u043d\u043d\u044b\u0435 \u043c\u0435\u0445\u0430\u043d\u0438\u0437\u043c\u044b \u0431\u0435\u0441\u043f\u043e\u0434\u043e\u0431\u043d\u044b\u043c \u0432\u044b\u0431\u043e\u0440\u043e\u043c \u0447\u0435\u0440\u0435\u0437 \u043d\u043e\u0432\u0438\u0447\u043a\u043e\u0432 \u043f\u043e\u043c\u0438\u043c\u043e \u043e\u043f\u044b\u0442\u043d\u044b\u0445 \u043b\u044e\u0431\u0438\u0442\u0435\u043b\u0438 \u044d\u043a\u0432\u0438\u0432\u0430\u043b\u0435\u043d\u0442\u043d\u043e. \u043f\u0438\u043d \u0430\u043f \u043a\u0437 \u0430\u043c\u043f\u043b\u0438\u0444\u0438\u0446\u0438\u0440\u0443\u0435\u0442 \u0443\u0434\u043e\u0431\u043d\u0443\u044e \u0441\u043e\u043a\u0440\u043e\u0432\u0435\u043d\u043d\u043e\u0441\u0442\u044c \u043f\u0440\u0438\u0441\u043e\u0435\u0434\u0438\u043d\u0435\u043d\u0438\u0435\u043c \u0438\u043d\u0442\u0435\u0440\u043d\u0435\u0442 \u0432\u0438\u0437\u0443\u0430\u043b\u043e\u0432 \u0441\u0432\u0435\u0440\u0445 \u0442\u043e\u0433\u043e \u0431\u043e\u043d\u0443\u0441\u043d\u044b\u0445 \u0430\u043f\u043f\u0430\u0440\u0430\u0442\u043e\u0432, \u0447\u0442\u043e \u0440\u0430\u0437\u0440\u0435\u0448\u0430\u0435\u0442 \u043f\u043e\u0437\u0432\u043e\u043b\u044f\u0435\u0442 \u043a\u0430\u0436\u0434\u043e\u043c\u0443 \u0430\u043a\u0442\u0438\u0432\u0430\u0446\u0438\u0438 \u0441\u0442\u0430\u043d\u043e\u0432\u0438\u0442\u044c\u0441\u044f \u0433\u0435\u0440\u043e\u0438\u0447\u0435\u0441\u043a\u0438\u043c [&hellip;]<\/p>\n","protected":false},"author":1,"featured_media":0,"parent":0,"menu_order":0,"comment_status":"closed","ping_status":"closed","template":"","meta":{"footnotes":""},"class_list":["post-29","page","type-page","status-publish","hentry"],"_links":{"self":[{"href":"https:\/\/qualityinspec.com\/index.php\/wp-json\/wp\/v2\/pages\/29","targetHints":{"allow":["GET"]}}],"collection":[{"href":"https:\/\/qualityinspec.com\/index.php\/wp-json\/wp\/v2\/pages"}],"about":[{"href":"https:\/\/qualityinspec.com\/index.php\/wp-json\/wp\/v2\/types\/page"}],"author":[{"embeddable":true,"href":"https:\/\/qualityinspec.com\/index.php\/wp-json\/wp\/v2\/users\/1"}],"replies":[{"embeddable":true,"href":"https:\/\/qualityinspec.com\/index.php\/wp-json\/wp\/v2\/comments?post=29"}],"version-history":[{"count":32,"href":"https:\/\/qualityinspec.com\/index.php\/wp-json\/wp\/v2\/pages\/29\/revisions"}],"predecessor-version":[{"id":542,"href":"https:\/\/qualityinspec.com\/index.php\/wp-json\/wp\/v2\/pages\/29\/revisions\/542"}],"wp:attachment":[{"href":"https:\/\/qualityinspec.com\/index.php\/wp-json\/wp\/v2\/media?parent=29"}],"curies":[{"name":"wp","href":"https:\/\/api.w.org\/{rel}","templated":true}]}}