{"id":278,"date":"2025-06-19T17:12:17","date_gmt":"2025-06-19T17:12:17","guid":{"rendered":"https:\/\/qualityinspec.com\/?page_id=278"},"modified":"2025-06-19T17:38:04","modified_gmt":"2025-06-19T17:38:04","slug":"especiales","status":"publish","type":"page","link":"https:\/\/qualityinspec.com\/index.php\/especiales\/","title":{"rendered":"Especiales"},"content":{"rendered":"<h2>Servicios Especiales<\/h2>\n<p><strong>Quality Inspection<\/strong> ofrece servicio de inspecci\u00f3n electromagn\u00e9tica, el cual consiste en la inducci\u00f3n de corriente el\u00e9ctrica que nos genera campos magn\u00e9ticos a trav\u00e9s de la pared del tubo, determinando el estado de las paredes de la tuber\u00edas.<\/p>\n<h2>Alcance<\/h2>\n<p>Disponemos del equipo y sistema necesario para la detecci\u00f3n de discontinuidades o defectos que se puedan encontrar en el cuerpo del tubo, excluyendo las conexiones.<\/p>\n<ul>\n<li>Tecnolog\u00eda Techscope EZW-II (Drill Pipe).<\/li>\n<li>Tecnolog\u00eda Artis 4 (Casing y Tubing) hasta 4-1\/2&#8243;<\/li>\n<\/ul>\n<p>\t\t\t\t\t<a href=\"https:\/\/qualityinspec.com\/index.php\/contacto\/\"><br \/>\n\t\t\t\t\t\t\t\t\tMas Informaci\u00f3n<br \/>\n\t\t\t\t\t<\/a><\/p>\n<h2>Alcance<\/h2>\n<figure><img decoding=\"async\" src=\"https:\/\/qualityinspec.com\/wp-content\/uploads\/2025\/06\/13.png\" alt=\"13\" \/><\/figure>\n<figure><img decoding=\"async\" src=\"https:\/\/qualityinspec.com\/wp-content\/uploads\/2025\/06\/3-3.png\" alt=\"3\" \/><\/figure>\n<h2>Otros Servicios<\/h2>\n<h2>Servicio De Inspecci\u00f3n <\/h2>\n<p>\t\t\t\t\t<a href=\"https:\/\/qualityinspec.com\/index.php\/inspeccion\/\"><br \/>\n\t\t\t\t\t\t\t\t\tVer Mas<br \/>\n\t\t\t\t\t<\/a><\/p>\n<h2>Servicio De Reparaci\u00f3n <\/h2>\n<p>\t\t\t\t\t<a href=\"https:\/\/qualityinspec.com\/index.php\/reparacion\/\"><br \/>\n\t\t\t\t\t\t\t\t\tVer Mas<br \/>\n\t\t\t\t\t<\/a><\/p>\n<h2>Suministros<\/h2>\n<p>\t\t\t\t\t<a href=\"https:\/\/qualityinspec.com\/index.php\/suministros\/\"><br \/>\n\t\t\t\t\t\t\t\t\tVer Mas<br \/>\n\t\t\t\t\t<\/a><\/p>\n","protected":false},"excerpt":{"rendered":"<p>Servicios Especiales Quality Inspection ofrece servicio de inspecci\u00f3n electromagn\u00e9tica, el cual consiste en la inducci\u00f3n de corriente el\u00e9ctrica que nos genera campos magn\u00e9ticos a trav\u00e9s de la pared del tubo, determinando el estado de las paredes de la tuber\u00edas. Alcance Disponemos del equipo y sistema necesario para la detecci\u00f3n de discontinuidades o defectos que se [&hellip;]<\/p>\n","protected":false},"author":1,"featured_media":0,"parent":0,"menu_order":0,"comment_status":"closed","ping_status":"closed","template":"","meta":{"footnotes":""},"class_list":["post-278","page","type-page","status-publish","hentry"],"_links":{"self":[{"href":"https:\/\/qualityinspec.com\/index.php\/wp-json\/wp\/v2\/pages\/278","targetHints":{"allow":["GET"]}}],"collection":[{"href":"https:\/\/qualityinspec.com\/index.php\/wp-json\/wp\/v2\/pages"}],"about":[{"href":"https:\/\/qualityinspec.com\/index.php\/wp-json\/wp\/v2\/types\/page"}],"author":[{"embeddable":true,"href":"https:\/\/qualityinspec.com\/index.php\/wp-json\/wp\/v2\/users\/1"}],"replies":[{"embeddable":true,"href":"https:\/\/qualityinspec.com\/index.php\/wp-json\/wp\/v2\/comments?post=278"}],"version-history":[{"count":16,"href":"https:\/\/qualityinspec.com\/index.php\/wp-json\/wp\/v2\/pages\/278\/revisions"}],"predecessor-version":[{"id":311,"href":"https:\/\/qualityinspec.com\/index.php\/wp-json\/wp\/v2\/pages\/278\/revisions\/311"}],"wp:attachment":[{"href":"https:\/\/qualityinspec.com\/index.php\/wp-json\/wp\/v2\/media?parent=278"}],"curies":[{"name":"wp","href":"https:\/\/api.w.org\/{rel}","templated":true}]}}