{"id":231,"date":"2025-06-13T21:02:03","date_gmt":"2025-06-13T21:02:03","guid":{"rendered":"https:\/\/qualityinspec.com\/?page_id=231"},"modified":"2025-06-19T17:33:38","modified_gmt":"2025-06-19T17:33:38","slug":"inspeccion","status":"publish","type":"page","link":"https:\/\/qualityinspec.com\/index.php\/inspeccion\/","title":{"rendered":"Inspecci\u00f3n"},"content":{"rendered":"<h2>Servicios De Inspecci\u00f3n <\/h2>\n<p><strong>Quality Inspection<\/strong> ofrecemos un servicio de inspecci\u00f3n especializado, orientado a garantizar la integridad y seguridad de los procesos industriales en el sector de hidrocarburos. Nos enfocamos en la inspecci\u00f3n de tuber\u00edas, varillas y herramientas, as\u00ed como en la ejecuci\u00f3n de ensayos no destructivos, aplicando t\u00e9cnicas avanzadas y cumpliendo con los m\u00e1s altos est\u00e1ndares de calidad.<\/p>\n<h2>Alcance<\/h2>\n<ul>\n<li>Inspecci\u00f3n de Drill Pipe<\/li>\n<li>Inspecci\u00f3n de<br \/>Herramientas de BHA; Drill<br \/>Collar y HWDP<\/li>\n<li>Inspecci\u00f3n de Casing y<br \/>Tubing<\/li>\n<li>Inspecci\u00f3n de Varillas de<br \/>Bombeo y Accesorios<\/li>\n<li>Inspecci\u00f3n de<br \/>Herramientas de Pesca<\/li>\n<li>Inspecci\u00f3n de Pup Joint<\/li>\n<\/ul>\n<ul>\n<li>Inspecci\u00f3n de Subs,<br \/>Estabilizadores y Kellys<\/li>\n<li>Inspecci\u00f3n de Torres,<br \/>Subestructura y<br \/>Accesorios<\/li>\n<li>Inspecci\u00f3n de Tanques<br \/>de Almacenamiento y<br \/>Separadores<\/li>\n<li>Inspecci\u00f3n de King Pin &amp;<br \/>Quinta Rueda<\/li>\n<li>Inspecci\u00f3n de Equipo de<br \/>Manejo y Levante<\/li>\n<\/ul>\n<p>\t\t\t\t\t<a href=\"https:\/\/qualityinspec.com\/index.php\/contacto\/\"><br \/>\n\t\t\t\t\t\t\t\t\tMas Informaci\u00f3n<br \/>\n\t\t\t\t\t<\/a><\/p>\n<h2>Alcance<\/h2>\n<figure><img decoding=\"async\" src=\"https:\/\/qualityinspec.com\/wp-content\/uploads\/2025\/06\/14.png\" alt=\"14\" \/><\/figure>\n<figure><img decoding=\"async\" src=\"https:\/\/qualityinspec.com\/wp-content\/uploads\/2025\/06\/8-1.png\" alt=\"8\" \/><\/figure>\n<figure><img decoding=\"async\" src=\"https:\/\/qualityinspec.com\/wp-content\/uploads\/2025\/06\/5-3.png\" alt=\"5\" \/><\/figure>\n<h2>Otros Servicios<\/h2>\n<h2>Servicio De Reparaci\u00f3n <\/h2>\n<p>\t\t\t\t\t<a href=\"https:\/\/qualityinspec.com\/index.php\/reparacion\/\"><br \/>\n\t\t\t\t\t\t\t\t\tVer Mas<br \/>\n\t\t\t\t\t<\/a><\/p>\n<h2>Servicio Especiales<\/h2>\n<p>\t\t\t\t\t<a href=\"https:\/\/qualityinspec.com\/index.php\/especiales\/\"><br \/>\n\t\t\t\t\t\t\t\t\tVer Mas<br \/>\n\t\t\t\t\t<\/a><\/p>\n<h2>Suministros<\/h2>\n<p>\t\t\t\t\t<a href=\"https:\/\/qualityinspec.com\/index.php\/suministros\/\"><br \/>\n\t\t\t\t\t\t\t\t\tVer Mas<br \/>\n\t\t\t\t\t<\/a><\/p>\n","protected":false},"excerpt":{"rendered":"<p>Servicios De Inspecci\u00f3n Quality Inspection ofrecemos un servicio de inspecci\u00f3n especializado, orientado a garantizar la integridad y seguridad de los procesos industriales en el sector de hidrocarburos. Nos enfocamos en la inspecci\u00f3n de tuber\u00edas, varillas y herramientas, as\u00ed como en la ejecuci\u00f3n de ensayos no destructivos, aplicando t\u00e9cnicas avanzadas y cumpliendo con los m\u00e1s altos [&hellip;]<\/p>\n","protected":false},"author":1,"featured_media":0,"parent":0,"menu_order":0,"comment_status":"closed","ping_status":"closed","template":"","meta":{"footnotes":""},"class_list":["post-231","page","type-page","status-publish","hentry"],"_links":{"self":[{"href":"https:\/\/qualityinspec.com\/index.php\/wp-json\/wp\/v2\/pages\/231","targetHints":{"allow":["GET"]}}],"collection":[{"href":"https:\/\/qualityinspec.com\/index.php\/wp-json\/wp\/v2\/pages"}],"about":[{"href":"https:\/\/qualityinspec.com\/index.php\/wp-json\/wp\/v2\/types\/page"}],"author":[{"embeddable":true,"href":"https:\/\/qualityinspec.com\/index.php\/wp-json\/wp\/v2\/users\/1"}],"replies":[{"embeddable":true,"href":"https:\/\/qualityinspec.com\/index.php\/wp-json\/wp\/v2\/comments?post=231"}],"version-history":[{"count":25,"href":"https:\/\/qualityinspec.com\/index.php\/wp-json\/wp\/v2\/pages\/231\/revisions"}],"predecessor-version":[{"id":305,"href":"https:\/\/qualityinspec.com\/index.php\/wp-json\/wp\/v2\/pages\/231\/revisions\/305"}],"wp:attachment":[{"href":"https:\/\/qualityinspec.com\/index.php\/wp-json\/wp\/v2\/media?parent=231"}],"curies":[{"name":"wp","href":"https:\/\/api.w.org\/{rel}","templated":true}]}}