{"id":169,"date":"2025-06-04T04:59:06","date_gmt":"2025-06-04T04:59:06","guid":{"rendered":"https:\/\/qualityinspec.com\/?page_id=169"},"modified":"2025-06-13T17:30:20","modified_gmt":"2025-06-13T17:30:20","slug":"certificaciones","status":"publish","type":"page","link":"https:\/\/qualityinspec.com\/index.php\/certificaciones\/","title":{"rendered":"Certificaciones"},"content":{"rendered":"<h2>NUESTRAS CERTIFICACI\u00d3NES<\/h2>\n<p>Gracias al esfuerzo constante y al compromiso inquebrantable con la calidad, Quality Inspection ha alcanzado importantes certificaciones en el \u00e1mbito industrial. Estas certificaciones no solo respaldan la excelencia t\u00e9cnica de sus servicios, sino que tambi\u00e9n son el resultado de a\u00f1os de trabajo riguroso, mejora continua y una firme orientaci\u00f3n hacia el cumplimiento de los m\u00e1s altos est\u00e1ndares del sector. Este reconocimiento es un reflejo del profesionalismo y la dedicaci\u00f3n que caracterizan a todo el equipo de Quality Inspection.<\/p>\n<p>\t\t\t\t\t\t\t\t\t\t\t\t\t\t\t<img loading=\"lazy\" decoding=\"async\" width=\"192\" height=\"89\" src=\"https:\/\/qualityinspec.com\/wp-content\/uploads\/2025\/06\/4-4.png\" alt=\"\" \/><br \/>\n\t\t\t\t\t\t\t\t\t\t\t\t\t\t\t<img loading=\"lazy\" decoding=\"async\" width=\"197\" height=\"83\" src=\"https:\/\/qualityinspec.com\/wp-content\/uploads\/2025\/06\/6-2.png\" alt=\"\" \/><br \/>\n\t\t\t\t\t\t\t\t\t\t\t\t\t\t\t<img loading=\"lazy\" decoding=\"async\" width=\"216\" height=\"98\" src=\"https:\/\/qualityinspec.com\/wp-content\/uploads\/2025\/06\/5-2.png\" alt=\"\" \/><br \/>\n\t\t\t\t\t\t\t\t\t\t\t\t\t\t\t<img loading=\"lazy\" decoding=\"async\" width=\"201\" height=\"88\" src=\"https:\/\/qualityinspec.com\/wp-content\/uploads\/2025\/06\/1-2.png\" alt=\"\" \/><br \/>\n\t\t\t\t\t\t\t\t\t\t\t\t\t\t\t<img loading=\"lazy\" decoding=\"async\" width=\"177\" height=\"77\" src=\"https:\/\/qualityinspec.com\/wp-content\/uploads\/2025\/06\/3-2.png\" alt=\"\" \/><br \/>\n\t\t\t\t\t\t\t\t\t\t\t\t\t\t\t<img loading=\"lazy\" decoding=\"async\" width=\"203\" height=\"75\" src=\"https:\/\/qualityinspec.com\/wp-content\/uploads\/2025\/06\/2-2.png\" alt=\"\" \/><\/p>\n","protected":false},"excerpt":{"rendered":"<p>NUESTRAS CERTIFICACI\u00d3NES Gracias al esfuerzo constante y al compromiso inquebrantable con la calidad, Quality Inspection ha alcanzado importantes certificaciones en el \u00e1mbito industrial. Estas certificaciones no solo respaldan la excelencia t\u00e9cnica de sus servicios, sino que tambi\u00e9n son el resultado de a\u00f1os de trabajo riguroso, mejora continua y una firme orientaci\u00f3n hacia el cumplimiento de [&hellip;]<\/p>\n","protected":false},"author":1,"featured_media":0,"parent":0,"menu_order":0,"comment_status":"closed","ping_status":"closed","template":"","meta":{"footnotes":""},"class_list":["post-169","page","type-page","status-publish","hentry"],"_links":{"self":[{"href":"https:\/\/qualityinspec.com\/index.php\/wp-json\/wp\/v2\/pages\/169","targetHints":{"allow":["GET"]}}],"collection":[{"href":"https:\/\/qualityinspec.com\/index.php\/wp-json\/wp\/v2\/pages"}],"about":[{"href":"https:\/\/qualityinspec.com\/index.php\/wp-json\/wp\/v2\/types\/page"}],"author":[{"embeddable":true,"href":"https:\/\/qualityinspec.com\/index.php\/wp-json\/wp\/v2\/users\/1"}],"replies":[{"embeddable":true,"href":"https:\/\/qualityinspec.com\/index.php\/wp-json\/wp\/v2\/comments?post=169"}],"version-history":[{"count":7,"href":"https:\/\/qualityinspec.com\/index.php\/wp-json\/wp\/v2\/pages\/169\/revisions"}],"predecessor-version":[{"id":222,"href":"https:\/\/qualityinspec.com\/index.php\/wp-json\/wp\/v2\/pages\/169\/revisions\/222"}],"wp:attachment":[{"href":"https:\/\/qualityinspec.com\/index.php\/wp-json\/wp\/v2\/media?parent=169"}],"curies":[{"name":"wp","href":"https:\/\/api.w.org\/{rel}","templated":true}]}}